{"id":6838,"date":"2026-04-23T14:02:54","date_gmt":"2026-04-23T12:02:54","guid":{"rendered":"https:\/\/v2.indigo.fr\/?page_id=6838"},"modified":"2026-04-23T14:12:47","modified_gmt":"2026-04-23T12:12:47","slug":"not-found","status":"publish","type":"page","link":"https:\/\/preprd.indigo.fr\/en\/not-found\/","title":{"rendered":"404"},"content":{"rendered":"\t\t<div data-elementor-type=\"wp-page\" data-elementor-id=\"6838\" class=\"elementor elementor-6838\" data-elementor-post-type=\"page\">\n\t\t\t\t<div class=\"elementor-element elementor-element-3680455 e-con-full e-flex e-con e-parent\" data-id=\"3680455\" data-element_type=\"container\" data-e-type=\"container\">\n\t\t<div class=\"elementor-element elementor-element-2b0a7f4 e-flex e-con-boxed e-con e-child\" data-id=\"2b0a7f4\" data-element_type=\"container\" data-e-type=\"container\" data-settings=\"{&quot;background_background&quot;:&quot;classic&quot;}\">\n\t\t\t\t\t<div class=\"e-con-inner\">\n\t\t<div class=\"elementor-element elementor-element-677d0e6 e-con-full e-flex e-con e-child\" data-id=\"677d0e6\" data-element_type=\"container\" data-e-type=\"container\">\n\t\t<div class=\"elementor-element elementor-element-ea43d19 e-con-full custom-header e-flex elementor-invisible e-con e-child\" data-id=\"ea43d19\" data-element_type=\"container\" data-e-type=\"container\" data-settings=\"{&quot;animation&quot;:&quot;fadeIn&quot;}\">\n\t\t\t\t<div class=\"elementor-element elementor-element-c154a67 elementor-widget elementor-widget-heading\" data-id=\"c154a67\" data-element_type=\"widget\" data-e-type=\"widget\" data-widget_type=\"heading.default\">\n\t\t\t\t\t<h3 class=\"elementor-heading-title elementor-size-default\">indigo publications<\/h3>\t\t\t\t<\/div>\n\t\t\t\t<div class=\"elementor-element elementor-element-696008e bloc-titre elementor-widget elementor-widget-text-editor\" data-id=\"696008e\" data-element_type=\"widget\" data-e-type=\"widget\" data-widget_type=\"text-editor.default\">\n\t\t\t\t\t\t\t\t\t<h1>La page ne peut pas \u00eatre trouv\u00e9e.<\/h1>\t\t\t\t\t\t\t\t<\/div>\n\t\t\t\t<\/div>\n\t\t\t\t<\/div>\n\t\t\t\t\t<\/div>\n\t\t\t\t<\/div>\n\t\t\t\t<\/div>\n\t\t<div class=\"elementor-element elementor-element-85c71f9 e-flex e-con-boxed elementor-invisible e-con e-child\" data-id=\"85c71f9\" data-element_type=\"container\" data-e-type=\"container\" data-settings=\"{&quot;animation&quot;:&quot;fadeIn&quot;}\">\n\t\t\t\t\t<div class=\"e-con-inner\">\n\t\t\t\t<div class=\"elementor-element elementor-element-69b825d elementor-widget__width-inherit elementor-widget elementor-widget-template\" data-id=\"69b825d\" data-element_type=\"widget\" data-e-type=\"widget\" data-widget_type=\"template.default\">\n\t\t\t\t<div class=\"elementor-widget-container\">\n\t\t\t\t\t\t\t<div class=\"elementor-template\">\n\t\t\t\t\t<div data-elementor-type=\"section\" data-elementor-id=\"570\" class=\"elementor elementor-570\" data-elementor-post-type=\"elementor_library\">\n\t\t\t<div class=\"elementor-element elementor-element-4fab76a e-con-full e-flex elementor-invisible e-con e-child\" data-id=\"4fab76a\" data-element_type=\"container\" data-e-type=\"container\" data-settings=\"{&quot;animation&quot;:&quot;fadeIn&quot;}\">\n\t\t<div class=\"elementor-element elementor-element-56904f2 e-con-full e-flex e-con e-child\" data-id=\"56904f2\" data-element_type=\"container\" data-e-type=\"container\">\n\t\t\t\t<div class=\"elementor-element elementor-element-5e9a388 elementor-widget elementor-widget-heading\" data-id=\"5e9a388\" data-element_type=\"widget\" data-e-type=\"widget\" data-widget_type=\"heading.default\">\n\t\t\t\t\t<h1 class=\"elementor-heading-title elementor-size-default\">45 000<\/h1>\t\t\t\t<\/div>\n\t\t\t\t<div class=\"elementor-element elementor-element-2c47dc4 elementor-widget elementor-widget-heading\" data-id=\"2c47dc4\" data-element_type=\"widget\" data-e-type=\"widget\" data-widget_type=\"heading.default\">\n\t\t\t\t\t<h3 class=\"elementor-heading-title elementor-size-default\">ABONN\u00e9\u00b7E\u00b7S<\/h3>\t\t\t\t<\/div>\n\t\t\t\t<\/div>\n\t\t<div class=\"elementor-element elementor-element-1d4a2cd e-con-full e-flex e-con e-child\" data-id=\"1d4a2cd\" data-element_type=\"container\" data-e-type=\"container\">\n\t\t\t\t<div class=\"elementor-element elementor-element-731ff68 elementor-widget elementor-widget-heading\" data-id=\"731ff68\" data-element_type=\"widget\" data-e-type=\"widget\" data-widget_type=\"heading.default\">\n\t\t\t\t\t<h1 class=\"elementor-heading-title elementor-size-default\">45<\/h1>\t\t\t\t<\/div>\n\t\t\t\t<div class=\"elementor-element elementor-element-e047a71 elementor-widget elementor-widget-heading\" data-id=\"e047a71\" data-element_type=\"widget\" data-e-type=\"widget\" data-widget_type=\"heading.default\">\n\t\t\t\t\t<h3 class=\"elementor-heading-title elementor-size-default\">ans d\u2019existence<\/h3>\t\t\t\t<\/div>\n\t\t\t\t<\/div>\n\t\t<div class=\"elementor-element elementor-element-16a83b0 e-con-full e-flex e-con e-child\" data-id=\"16a83b0\" data-element_type=\"container\" data-e-type=\"container\">\n\t\t\t\t<div class=\"elementor-element elementor-element-fc43101 elementor-widget elementor-widget-heading\" data-id=\"fc43101\" data-element_type=\"widget\" data-e-type=\"widget\" data-widget_type=\"heading.default\">\n\t\t\t\t\t<h1 class=\"elementor-heading-title elementor-size-default\">100<\/h1>\t\t\t\t<\/div>\n\t\t\t\t<div class=\"elementor-element elementor-element-7ae9fd2 elementor-widget elementor-widget-heading\" data-id=\"7ae9fd2\" data-element_type=\"widget\" data-e-type=\"widget\" data-widget_type=\"heading.default\">\n\t\t\t\t\t<h3 class=\"elementor-heading-title elementor-size-default\">COLLABORATEURs\u00b7RICES<\/h3>\t\t\t\t<\/div>\n\t\t\t\t<\/div>\n\t\t<div class=\"elementor-element elementor-element-bfacda7 e-con-full e-flex e-con e-child\" data-id=\"bfacda7\" data-element_type=\"container\" data-e-type=\"container\">\n\t\t\t\t<div class=\"elementor-element elementor-element-d9947e3 elementor-widget elementor-widget-heading\" data-id=\"d9947e3\" data-element_type=\"widget\" data-e-type=\"widget\" data-widget_type=\"heading.default\">\n\t\t\t\t\t<h1 class=\"elementor-heading-title elementor-size-default\">200<\/h1>\t\t\t\t<\/div>\n\t\t\t\t<div class=\"elementor-element elementor-element-f04b0f2 elementor-widget elementor-widget-heading\" data-id=\"f04b0f2\" data-element_type=\"widget\" data-e-type=\"widget\" data-widget_type=\"heading.default\">\n\t\t\t\t\t<h3 class=\"elementor-heading-title elementor-size-default\">CORRESPONDANT\u00b7E\u00b7S<\/h3>\t\t\t\t<\/div>\n\t\t\t\t<\/div>\n\t\t<div class=\"elementor-element elementor-element-310dd63 e-con-full e-flex e-con e-child\" data-id=\"310dd63\" data-element_type=\"container\" data-e-type=\"container\">\n\t\t\t\t<div class=\"elementor-element elementor-element-eddec45 elementor-widget elementor-widget-heading\" data-id=\"eddec45\" data-element_type=\"widget\" data-e-type=\"widget\" data-widget_type=\"heading.default\">\n\t\t\t\t\t<h1 class=\"elementor-heading-title elementor-size-default\">12<\/h1>\t\t\t\t<\/div>\n\t\t\t\t<div class=\"elementor-element elementor-element-c1fee43 elementor-widget elementor-widget-heading\" data-id=\"c1fee43\" data-element_type=\"widget\" data-e-type=\"widget\" data-widget_type=\"heading.default\">\n\t\t\t\t\t<h3 class=\"elementor-heading-title elementor-size-default\">nationalit\u00e9s REPR\u00e9SENT\u00e9ES<\/h3>\t\t\t\t<\/div>\n\t\t\t\t<\/div>\n\t\t\t\t<\/div>\n\t\t\t\t<\/div>\n\t\t\t\t<\/div>\n\t\t\t\t\t\t<\/div>\n\t\t\t\t<\/div>\n\t\t\t\t\t<\/div>\n\t\t\t\t<\/div>\n\t\t<div class=\"elementor-element elementor-element-cee0791 e-flex e-con-boxed elementor-invisible e-con e-parent\" data-id=\"cee0791\" data-element_type=\"container\" data-e-type=\"container\" data-settings=\"{&quot;animation&quot;:&quot;fadeIn&quot;}\">\n\t\t\t\t\t<div class=\"e-con-inner\">\n\t\t\t\t<div class=\"elementor-element elementor-element-00f0d7f elementor-widget elementor-widget-template\" data-id=\"00f0d7f\" data-element_type=\"widget\" data-e-type=\"widget\" data-widget_type=\"template.default\">\n\t\t\t\t<div class=\"elementor-widget-container\">\n\t\t\t\t\t\t\t<div class=\"elementor-template\">\n\t\t\t\t\t<div data-elementor-type=\"section\" data-elementor-id=\"346\" class=\"elementor elementor-346\" data-elementor-post-type=\"elementor_library\">\n\t\t\t<div class=\"elementor-element elementor-element-71ac32b e-flex e-con-boxed e-con e-parent\" data-id=\"71ac32b\" data-element_type=\"container\" data-e-type=\"container\">\n\t\t\t\t\t<div class=\"e-con-inner\">\n\t\t\t\t<div class=\"elementor-element elementor-element-7c33fad elementor-widget elementor-widget-heading\" data-id=\"7c33fad\" data-element_type=\"widget\" data-e-type=\"widget\" data-widget_type=\"heading.default\">\n\t\t\t\t\t<h2 class=\"elementor-heading-title elementor-size-default\">En savoir plus<\/h2>\t\t\t\t<\/div>\n\t\t\t\t<div class=\"elementor-element elementor-element-ae692e3 elementor-grid-3 elementor-grid-tablet-2 elementor-grid-mobile-1 elementor-widget elementor-widget-loop-grid\" data-id=\"ae692e3\" data-element_type=\"widget\" data-e-type=\"widget\" data-settings=\"{&quot;template_id&quot;:350,&quot;row_gap&quot;:{&quot;unit&quot;:&quot;px&quot;,&quot;size&quot;:0,&quot;sizes&quot;:[]},&quot;_skin&quot;:&quot;post&quot;,&quot;columns&quot;:&quot;3&quot;,&quot;columns_tablet&quot;:&quot;2&quot;,&quot;columns_mobile&quot;:&quot;1&quot;,&quot;edit_handle_selector&quot;:&quot;[data-elementor-type=\\&quot;loop-item\\&quot;]&quot;,&quot;row_gap_tablet&quot;:{&quot;unit&quot;:&quot;px&quot;,&quot;size&quot;:&quot;&quot;,&quot;sizes&quot;:[]},&quot;row_gap_mobile&quot;:{&quot;unit&quot;:&quot;px&quot;,&quot;size&quot;:&quot;&quot;,&quot;sizes&quot;:[]}}\" data-widget_type=\"loop-grid.post\">\n\t\t\t\t<div class=\"elementor-widget-container\">\n\t\t\t\t\t\t\t<div class=\"elementor-loop-container elementor-grid\" role=\"list\">\n\t\t<style id=\"loop-350\">.elementor-350 .elementor-element.elementor-element-b9582b9{--display:flex;--flex-direction:column;--container-widget-width:100%;--container-widget-height:initial;--container-widget-flex-grow:0;--container-widget-align-self:initial;--flex-wrap-mobile:wrap;--justify-content:space-between;--gap:5px 0px;--row-gap:5px;--column-gap:0px;border-style:none;--border-style:none;--margin-top:0px;--margin-bottom:0px;--margin-left:0px;--margin-right:0px;--padding-top:0px;--padding-bottom:0px;--padding-left:0px;--padding-right:0px;}.elementor-350 .elementor-element.elementor-element-b9582b9:hover{border-style:none;}.elementor-350 .elementor-element.elementor-element-b9582b9, .elementor-350 .elementor-element.elementor-element-b9582b9::before{--border-transition:0.3s;}.elementor-350 .elementor-element.elementor-element-01d249e{--display:flex;--min-height:0px;--justify-content:center;--align-items:center;--container-widget-width:calc( ( 1 - var( --container-widget-flex-grow ) ) * 100% );--gap:0px 0px;--row-gap:0px;--column-gap:0px;--margin-top:0px;--margin-bottom:0px;--margin-left:0px;--margin-right:0px;--padding-top:0px;--padding-bottom:0px;--padding-left:0px;--padding-right:0px;}.elementor-350 .elementor-element.elementor-element-01d249e.e-con{--align-self:flex-start;}.elementor-350 .elementor-element.elementor-element-d7d1db8 .indigo-random-image{text-align:center;}.elementor-350 .elementor-element.elementor-element-d7d1db8 .indigo-random-image__img{width:100%;border-radius:0px 0px 0px 0px;}.elementor-350 .elementor-element.elementor-element-d7d1db8 > .elementor-widget-container{margin:0px 0px 0px 0px;padding:0px 0px 0px 0px;}.elementor-350 .elementor-element.elementor-element-d7d1db8{width:var( --container-widget-width, 99.8% );max-width:99.8%;--container-widget-width:99.8%;--container-widget-flex-grow:0;}.elementor-350 .elementor-element.elementor-element-d7d1db8.elementor-element{--align-self:flex-start;--flex-grow:0;--flex-shrink:0;}.elementor-widget-heading .elementor-heading-title{font-family:var( --e-global-typography-primary-font-family ), Sans-serif;color:var( --e-global-color-primary );}.elementor-350 .elementor-element.elementor-element-12623fa .elementor-heading-title{font-family:\"SuisseIntlBold\", Sans-serif;font-size:14px;text-transform:uppercase;word-spacing:3%;}.elementor-350 .elementor-element.elementor-element-12623fa{margin:10px 0px calc(var(--kit-widget-spacing, 0px) + 0px) 0px;padding:0px 0px 0px 0px;}@media(max-width:767px){.elementor-350 .elementor-element.elementor-element-b9582b9{--margin-top:0px;--margin-bottom:0px;--margin-left:0px;--margin-right:0px;--padding-top:0px;--padding-bottom:30px;--padding-left:0px;--padding-right:0px;}.elementor-350 .elementor-element.elementor-element-01d249e{--margin-top:0px;--margin-bottom:0px;--margin-left:0px;--margin-right:0px;--padding-top:0px;--padding-bottom:0px;--padding-left:0px;--padding-right:0px;}.elementor-350 .elementor-element.elementor-element-12623fa .elementor-heading-title{font-size:11px;}.elementor-350 .elementor-element.elementor-element-12623fa{margin:0px 0px calc(var(--kit-widget-spacing, 0px) + 0px) 0px;padding:0px 0px 0px 0px;}}<\/style>\t\t<div data-elementor-type=\"loop-item\" data-elementor-id=\"350\" class=\"elementor elementor-350 e-loop-item e-loop-item-28 post-28 page type-page status-publish has-post-thumbnail hentry category-article\" data-elementor-post-type=\"elementor_library\" data-custom-edit-handle=\"1\">\n\t\t\t<div class=\"elementor-element elementor-element-b9582b9 e-con-full e-flex e-con e-parent\" data-id=\"b9582b9\" data-element_type=\"container\" data-e-type=\"container\">\n\t\t<div class=\"elementor-element elementor-element-01d249e e-con-full e-flex e-con e-child\" data-id=\"01d249e\" data-element_type=\"container\" data-e-type=\"container\">\n\t\t\t\t<div class=\"elementor-element elementor-element-d7d1db8 elementor-widget__width-initial elementor-widget elementor-widget-indigo-random-image\" data-id=\"d7d1db8\" data-element_type=\"widget\" data-e-type=\"widget\" data-widget_type=\"indigo-random-image.default\">\n\t\t\t\t<div class=\"elementor-widget-container\">\n\t\t\t\t\t<figure class=\"indigo-random-image\"><a href=\"https:\/\/preprd.indigo.fr\/en\/carriere\" class=\"indigo-random-image__link\"><span class=\"indigo-random-image__img\"><img decoding=\"async\" src=\"https:\/\/preprd.indigo.fr\/wp-content\/uploads\/elementor\/thumbs\/carriere_site_indigo_1-1-rmfmgwtjgek43ayvyptulqnsx33dv2o9hnnwbn5634.png\" title=\"carriere_site_indigo_1\" alt=\"carriere_site_indigo_1\" loading=\"lazy\" \/><\/span><\/a><\/figure>\t\t\t\t<\/div>\n\t\t\t\t<\/div>\n\t\t\t\t<\/div>\n\t\t\t\t<div class=\"elementor-element elementor-element-12623fa elementor-widget elementor-widget-heading\" data-id=\"12623fa\" data-element_type=\"widget\" data-e-type=\"widget\" data-widget_type=\"heading.default\">\n\t\t\t\t\t<span class=\"elementor-heading-title elementor-size-default\"><a href=\"\/carriere\">NOUS RECRUTONS<\/a><\/span>\t\t\t\t<\/div>\n\t\t\t\t<\/div>\n\t\t\t\t<\/div>\n\t\t\t\t<div data-elementor-type=\"loop-item\" data-elementor-id=\"350\" class=\"elementor elementor-350 e-loop-item e-loop-item-26 post-26 page type-page status-publish has-post-thumbnail hentry category-article\" data-elementor-post-type=\"elementor_library\" data-custom-edit-handle=\"1\">\n\t\t\t<div class=\"elementor-element elementor-element-b9582b9 e-con-full e-flex e-con e-parent\" data-id=\"b9582b9\" data-element_type=\"container\" data-e-type=\"container\">\n\t\t<div class=\"elementor-element elementor-element-01d249e e-con-full e-flex e-con e-child\" data-id=\"01d249e\" data-element_type=\"container\" data-e-type=\"container\">\n\t\t\t\t<div class=\"elementor-element elementor-element-d7d1db8 elementor-widget__width-initial elementor-widget elementor-widget-indigo-random-image\" data-id=\"d7d1db8\" data-element_type=\"widget\" data-e-type=\"widget\" data-widget_type=\"indigo-random-image.default\">\n\t\t\t\t<div class=\"elementor-widget-container\">\n\t\t\t\t\t<figure class=\"indigo-random-image\"><a href=\"https:\/\/preprd.indigo.fr\/en\/publications\" class=\"indigo-random-image__link\"><span class=\"indigo-random-image__img\"><img decoding=\"async\" src=\"https:\/\/preprd.indigo.fr\/wp-content\/uploads\/elementor\/thumbs\/nospublications_site_indigo_1-1-rmfmhwjeo3x0chj0659o8hnbhq7bzkm2akgck5o7io.png\" title=\"nospublications_site_indigo_1\" alt=\"nospublications_site_indigo_1\" loading=\"lazy\" \/><\/span><\/a><\/figure>\t\t\t\t<\/div>\n\t\t\t\t<\/div>\n\t\t\t\t<\/div>\n\t\t\t\t<div class=\"elementor-element elementor-element-12623fa elementor-widget elementor-widget-heading\" data-id=\"12623fa\" data-element_type=\"widget\" data-e-type=\"widget\" data-widget_type=\"heading.default\">\n\t\t\t\t\t<span class=\"elementor-heading-title elementor-size-default\"><a href=\"\/publications\">Nos publications<\/a><\/span>\t\t\t\t<\/div>\n\t\t\t\t<\/div>\n\t\t\t\t<\/div>\n\t\t\t\t<div data-elementor-type=\"loop-item\" data-elementor-id=\"350\" class=\"elementor elementor-350 e-loop-item e-loop-item-24 post-24 page type-page status-publish hentry category-article\" data-elementor-post-type=\"elementor_library\" data-custom-edit-handle=\"1\">\n\t\t\t<div class=\"elementor-element elementor-element-b9582b9 e-con-full e-flex e-con e-parent\" data-id=\"b9582b9\" data-element_type=\"container\" data-e-type=\"container\">\n\t\t<div class=\"elementor-element elementor-element-01d249e e-con-full e-flex e-con e-child\" data-id=\"01d249e\" data-element_type=\"container\" data-e-type=\"container\">\n\t\t\t\t<div class=\"elementor-element elementor-element-d7d1db8 elementor-widget__width-initial elementor-widget elementor-widget-indigo-random-image\" data-id=\"d7d1db8\" data-element_type=\"widget\" data-e-type=\"widget\" data-widget_type=\"indigo-random-image.default\">\n\t\t\t\t<div class=\"elementor-widget-container\">\n\t\t\t\t\t<figure class=\"indigo-random-image\"><a href=\"https:\/\/preprd.indigo.fr\/en\/equipe\" class=\"indigo-random-image__link\"><span class=\"indigo-random-image__img\"><img decoding=\"async\" src=\"https:\/\/preprd.indigo.fr\/wp-content\/uploads\/elementor\/thumbs\/team_site_indigo_3-rmfmi5xskg9vkl5cn9bxxf9xfkx04jndnuz7cxa9sg.png\" title=\"team_site_indigo_3\" alt=\"team_site_indigo_3\" loading=\"lazy\" \/><\/span><\/a><\/figure>\t\t\t\t<\/div>\n\t\t\t\t<\/div>\n\t\t\t\t<\/div>\n\t\t\t\t<div class=\"elementor-element elementor-element-12623fa elementor-widget elementor-widget-heading\" data-id=\"12623fa\" data-element_type=\"widget\" data-e-type=\"widget\" data-widget_type=\"heading.default\">\n\t\t\t\t\t<span class=\"elementor-heading-title elementor-size-default\"><a href=\"\/equipe\">Notre \u00e9quipe<\/a><\/span>\t\t\t\t<\/div>\n\t\t\t\t<\/div>\n\t\t\t\t<\/div>\n\t\t\t\t<\/div>\n\t\t\n\t\t\t\t\t\t<\/div>\n\t\t\t\t<\/div>\n\t\t\t\t\t<\/div>\n\t\t\t\t<\/div>\n\t\t\t\t<\/div>\n\t\t\t\t<\/div>\n\t\t\t\t\t\t<\/div>\n\t\t\t\t<\/div>\n\t\t\t\t\t<\/div>\n\t\t\t\t<\/div>\n\t\t\t\t<\/div>\n\t\t","protected":false},"excerpt":{"rendered":"<p>indigo publications La page ne peut pas \u00eatre trouv\u00e9e.<\/p>","protected":false},"author":1,"featured_media":0,"parent":0,"menu_order":0,"comment_status":"closed","ping_status":"closed","template":"","meta":{"inline_featured_image":false,"footnotes":""},"categories":[],"class_list":["post-6838","page","type-page","status-publish","hentry"],"_links":{"self":[{"href":"https:\/\/preprd.indigo.fr\/en\/wp-json\/wp\/v2\/pages\/6838","targetHints":{"allow":["GET"]}}],"collection":[{"href":"https:\/\/preprd.indigo.fr\/en\/wp-json\/wp\/v2\/pages"}],"about":[{"href":"https:\/\/preprd.indigo.fr\/en\/wp-json\/wp\/v2\/types\/page"}],"author":[{"embeddable":true,"href":"https:\/\/preprd.indigo.fr\/en\/wp-json\/wp\/v2\/users\/1"}],"replies":[{"embeddable":true,"href":"https:\/\/preprd.indigo.fr\/en\/wp-json\/wp\/v2\/comments?post=6838"}],"version-history":[{"count":9,"href":"https:\/\/preprd.indigo.fr\/en\/wp-json\/wp\/v2\/pages\/6838\/revisions"}],"predecessor-version":[{"id":6851,"href":"https:\/\/preprd.indigo.fr\/en\/wp-json\/wp\/v2\/pages\/6838\/revisions\/6851"}],"wp:attachment":[{"href":"https:\/\/preprd.indigo.fr\/en\/wp-json\/wp\/v2\/media?parent=6838"}],"wp:term":[{"taxonomy":"category","embeddable":true,"href":"https:\/\/preprd.indigo.fr\/en\/wp-json\/wp\/v2\/categories?post=6838"}],"curies":[{"name":"wp","href":"https:\/\/api.w.org\/{rel}","templated":true}]}}